{"id":11,"date":"2016-11-02T19:42:42","date_gmt":"2016-11-02T19:42:42","guid":{"rendered":"http:\/\/www.ekstrom.fi\/?page_id=11"},"modified":"2021-06-22T15:47:41","modified_gmt":"2021-06-22T15:47:41","slug":"etusivu","status":"publish","type":"page","link":"https:\/\/www.ekstrom.fi\/","title":{"rendered":"Etusivu"},"content":{"rendered":"<p>Hei!<\/p>\n<p>Kun olet taksikyydin tarpeessa, t\u00f6ihin, kauppaan, l\u00e4\u00e4k\u00e4riin, kaveriporukalla juhlimaan, lomamatkalle lentokent\u00e4lle, mihin vaan, ota puhelin k\u00e4teen ja soita 050 911 6044.<\/p>\n<p>Meilt\u00e4 saat taksikyydin 1 &#8211; 8 hengelle, my\u00f6s py\u00f6r\u00e4tuoli mahtuu kyytin. Sek\u00e4 my\u00f6s paarikyyditykset hoituu.<\/p>\n<p>Meilt\u00e4 my\u00f6s tilataksi, tilausajo ja Kela-kyytipalvelut.<\/p>\n<p>Suhtaudumme vakavasti vallitsevaan koronapandemiaan ja toimimme THL:n antamien ohjeiden mukaan.<\/p>\n<p style=\"text-align: center;\"><strong>Suomen Taksiliiton j\u00e4sen<\/strong><br \/>\n<strong>Salon Seudut taksit ry:n j\u00e4sen<\/strong><br \/>\n<strong>Suomen Esteett\u00f6m\u00e4t ja Paaritaksit ry:n j\u00e4sen<\/strong><br \/>\n<strong>Salon yritt\u00e4j\u00e4t ry:n j\u00e4sen<\/strong><\/p>\n<p><img loading=\"lazy\" decoding=\"async\" class=\"alignnone size-medium wp-image-26\" src=\"http:\/\/www.ekstrom.fi\/wp-content\/uploads\/2016\/11\/IMG_20190428_000914-300x169.jpg\" alt=\"IMG_20190428_000914\" width=\"300\" height=\"169\" srcset=\"https:\/\/www.ekstrom.fi\/wp-content\/uploads\/2016\/11\/IMG_20190428_000914-300x169.jpg 300w, https:\/\/www.ekstrom.fi\/wp-content\/uploads\/2016\/11\/IMG_20190428_000914-768x432.jpg 768w, https:\/\/www.ekstrom.fi\/wp-content\/uploads\/2016\/11\/IMG_20190428_000914-1024x576.jpg 1024w\" sizes=\"auto, (max-width: 300px) 100vw, 300px\" \/><\/p>\n","protected":false},"excerpt":{"rendered":"<p>Hei! Kun olet taksikyydin tarpeessa, t\u00f6ihin, kauppaan, l\u00e4\u00e4k\u00e4riin, kaveriporukalla juhlimaan, lomamatkalle lentokent\u00e4lle, mihin vaan, ota puhelin k\u00e4teen ja soita 050 911 6044. Meilt\u00e4 saat taksikyydin 1 &#8211; 8 hengelle, my\u00f6s &#8230;<\/p>\n","protected":false},"author":1,"featured_media":0,"parent":0,"menu_order":0,"comment_status":"closed","ping_status":"closed","template":"","meta":{"footnotes":""},"class_list":["post-11","page","type-page","status-publish","hentry"],"_links":{"self":[{"href":"https:\/\/www.ekstrom.fi\/index.php?rest_route=\/wp\/v2\/pages\/11","targetHints":{"allow":["GET"]}}],"collection":[{"href":"https:\/\/www.ekstrom.fi\/index.php?rest_route=\/wp\/v2\/pages"}],"about":[{"href":"https:\/\/www.ekstrom.fi\/index.php?rest_route=\/wp\/v2\/types\/page"}],"author":[{"embeddable":true,"href":"https:\/\/www.ekstrom.fi\/index.php?rest_route=\/wp\/v2\/users\/1"}],"replies":[{"embeddable":true,"href":"https:\/\/www.ekstrom.fi\/index.php?rest_route=%2Fwp%2Fv2%2Fcomments&post=11"}],"version-history":[{"count":3,"href":"https:\/\/www.ekstrom.fi\/index.php?rest_route=\/wp\/v2\/pages\/11\/revisions"}],"predecessor-version":[{"id":47,"href":"https:\/\/www.ekstrom.fi\/index.php?rest_route=\/wp\/v2\/pages\/11\/revisions\/47"}],"wp:attachment":[{"href":"https:\/\/www.ekstrom.fi\/index.php?rest_route=%2Fwp%2Fv2%2Fmedia&parent=11"}],"curies":[{"name":"wp","href":"https:\/\/api.w.org\/{rel}","templated":true}]}}